{"id":18,"date":"2021-11-29T18:50:11","date_gmt":"2021-11-29T18:50:11","guid":{"rendered":"https:\/\/miskamila.si\/?page_id=18"},"modified":"2024-09-14T09:51:14","modified_gmt":"2024-09-14T09:51:14","slug":"kontakt","status":"publish","type":"page","link":"https:\/\/miskamila.si\/?page_id=18","title":{"rendered":"Kontakt &#038; Naro\u010dila"},"content":{"rendered":"\t\t<div data-elementor-type=\"wp-page\" data-elementor-id=\"18\" class=\"elementor elementor-18\">\n\t\t\t\t\t\t<section class=\"elementor-section elementor-top-section elementor-element elementor-element-cfe4d41 elementor-section-boxed elementor-section-height-default elementor-section-height-default\" data-id=\"cfe4d41\" data-element_type=\"section\" data-e-type=\"section\">\n\t\t\t\t\t\t<div class=\"elementor-container elementor-column-gap-default\">\n\t\t\t\t\t<div class=\"elementor-column elementor-col-50 elementor-top-column elementor-element elementor-element-f07b648\" data-id=\"f07b648\" data-element_type=\"column\" data-e-type=\"column\">\n\t\t\t<div class=\"elementor-widget-wrap elementor-element-populated\">\n\t\t\t\t\t\t<div class=\"elementor-element elementor-element-202a88af elementor-widget elementor-widget-heading\" data-id=\"202a88af\" data-element_type=\"widget\" data-e-type=\"widget\" data-widget_type=\"heading.default\">\n\t\t\t\t<div class=\"elementor-widget-container\">\n\t\t\t\t\t<h3 class=\"elementor-heading-title elementor-size-large\">Naro\u010dila in kontakt<\/h3>\t\t\t\t<\/div>\n\t\t\t\t<\/div>\n\t\t\t\t<div class=\"elementor-element elementor-element-f7bf90e elementor-widget elementor-widget-text-editor\" data-id=\"f7bf90e\" data-element_type=\"widget\" data-e-type=\"widget\" data-widget_type=\"text-editor.default\">\n\t\t\t\t<div class=\"elementor-widget-container\">\n\t\t\t\t\t\t\t\t\t<ol><li><p>Po poslanem naro\u010dilu bomo na va\u0161 email naslov posredovali predra\u010dun. Odgovorimo vam najkasneje v 24 urah.<\/p><\/li><li><p>Za hitrej\u0161o obdelavo naro\u010dila po\u0161ljite potrdilo o pla\u010dilu.<\/p><\/li><li><p><span style=\"font-size: 18px; color: var( --e-global-color-text );\">Artikel bo odposlan takoj po prejetem pla\u010dilu.<\/span><\/p><\/li><\/ol>\t\t\t\t\t\t\t\t<\/div>\n\t\t\t\t<\/div>\n\t\t\t\t<div class=\"elementor-element elementor-element-179d88b elementor-widget-divider--view-line elementor-widget elementor-widget-divider\" data-id=\"179d88b\" data-element_type=\"widget\" data-e-type=\"widget\" data-widget_type=\"divider.default\">\n\t\t\t\t<div class=\"elementor-widget-container\">\n\t\t\t\t\t\t\t<div class=\"elementor-divider\">\n\t\t\t<span class=\"elementor-divider-separator\">\n\t\t\t\t\t\t<\/span>\n\t\t<\/div>\n\t\t\t\t\t\t<\/div>\n\t\t\t\t<\/div>\n\t\t\t\t<div class=\"elementor-element elementor-element-c9f4b47 elementor-widget elementor-widget-text-editor\" data-id=\"c9f4b47\" data-element_type=\"widget\" data-e-type=\"widget\" data-widget_type=\"text-editor.default\">\n\t\t\t\t<div class=\"elementor-widget-container\">\n\t\t\t\t\t\t\t\t\t<p>O mi\u0161ki, ki je \u0161la v svet iskat sre\u010do &#8211; Cena 16, 50 \u20ac<strong><br \/><\/strong><\/p>\t\t\t\t\t\t\t\t<\/div>\n\t\t\t\t<\/div>\n\t\t\t\t<div class=\"elementor-element elementor-element-8e7f561 elementor-widget elementor-widget-image\" data-id=\"8e7f561\" data-element_type=\"widget\" data-e-type=\"widget\" data-widget_type=\"image.default\">\n\t\t\t\t<div class=\"elementor-widget-container\">\n\t\t\t\t\t\t\t\t\t\t\t\t\t\t\t<img decoding=\"async\" src=\"https:\/\/miskamila.si\/wp-content\/uploads\/elementor\/thumbs\/KATJAHERGA-10-scaled-qrml608p7fd19k221bo8zjqxg808gfwk4qa2xnrebo.jpg\" title=\"KATJAHERGA-10\" alt=\"KATJAHERGA-10\" loading=\"lazy\" \/>\t\t\t\t\t\t\t\t\t\t\t\t\t\t\t<\/div>\n\t\t\t\t<\/div>\n\t\t\t\t<div class=\"elementor-element elementor-element-6283fe8 elementor-widget-divider--view-line elementor-widget elementor-widget-divider\" data-id=\"6283fe8\" data-element_type=\"widget\" data-e-type=\"widget\" data-widget_type=\"divider.default\">\n\t\t\t\t<div class=\"elementor-widget-container\">\n\t\t\t\t\t\t\t<div class=\"elementor-divider\">\n\t\t\t<span class=\"elementor-divider-separator\">\n\t\t\t\t\t\t<\/span>\n\t\t<\/div>\n\t\t\t\t\t\t<\/div>\n\t\t\t\t<\/div>\n\t\t\t\t<div class=\"elementor-element elementor-element-5b17a1d elementor-widget elementor-widget-text-editor\" data-id=\"5b17a1d\" data-element_type=\"widget\" data-e-type=\"widget\" data-widget_type=\"text-editor.default\">\n\t\t\t\t<div class=\"elementor-widget-container\">\n\t\t\t\t\t\t\t\t\t<p>O mi\u0161ki, ki je imela veliko \u017eeljo &#8211; Cena 18,50 \u20ac<\/p>\t\t\t\t\t\t\t\t<\/div>\n\t\t\t\t<\/div>\n\t\t\t\t<div class=\"elementor-element elementor-element-89effe0 elementor-widget elementor-widget-image\" data-id=\"89effe0\" data-element_type=\"widget\" data-e-type=\"widget\" data-widget_type=\"image.default\">\n\t\t\t\t<div class=\"elementor-widget-container\">\n\t\t\t\t\t\t\t\t\t\t\t\t\t\t\t<img decoding=\"async\" src=\"https:\/\/miskamila.si\/wp-content\/uploads\/elementor\/thumbs\/KATJAHERGA-11-scaled-qrml6ubja4i7l2ud5oob7c5ogjvzar7ywv5maiissk.jpg\" title=\"KATJAHERGA-11\" alt=\"KATJAHERGA-11\" loading=\"lazy\" \/>\t\t\t\t\t\t\t\t\t\t\t\t\t\t\t<\/div>\n\t\t\t\t<\/div>\n\t\t\t\t<div class=\"elementor-element elementor-element-5dba7df elementor-widget-divider--view-line elementor-widget elementor-widget-divider\" data-id=\"5dba7df\" data-element_type=\"widget\" data-e-type=\"widget\" data-widget_type=\"divider.default\">\n\t\t\t\t<div class=\"elementor-widget-container\">\n\t\t\t\t\t\t\t<div class=\"elementor-divider\">\n\t\t\t<span class=\"elementor-divider-separator\">\n\t\t\t\t\t\t<\/span>\n\t\t<\/div>\n\t\t\t\t\t\t<\/div>\n\t\t\t\t<\/div>\n\t\t\t\t\t<\/div>\n\t\t<\/div>\n\t\t\t\t<div class=\"elementor-column elementor-col-50 elementor-top-column elementor-element elementor-element-58150ec\" data-id=\"58150ec\" data-element_type=\"column\" data-e-type=\"column\">\n\t\t\t<div class=\"elementor-widget-wrap elementor-element-populated\">\n\t\t\t\t\t\t<div class=\"elementor-element elementor-element-bc0b2a6 elementor-widget elementor-widget-wpforms\" data-id=\"bc0b2a6\" data-element_type=\"widget\" data-e-type=\"widget\" data-widget_type=\"wpforms.default\">\n\t\t\t\t<div class=\"elementor-widget-container\">\n\t\t\t\t\t<div class=\"wpforms-container wpforms-container-full\" id=\"wpforms-303\"><form id=\"wpforms-form-303\" class=\"wpforms-validate wpforms-form wpforms-ajax-form\" data-formid=\"303\" method=\"post\" enctype=\"multipart\/form-data\" action=\"\/index.php?rest_route=%2Fwp%2Fv2%2Fpages%2F18\" data-token=\"41faab8c2a0557b29b72edc1b31e1d1a\" data-token-time=\"1776083737\"><noscript class=\"wpforms-error-noscript\">Please enable JavaScript in your browser to complete this form.<\/noscript><div class=\"wpforms-field-container\"><div id=\"wpforms-303-field_12-container\" class=\"wpforms-field wpforms-field-number\" data-field-id=\"12\"><label class=\"wpforms-field-label\" for=\"wpforms-303-field_12\">\u017deleno \u0161tevilo izvodov zgodbe: O mi\u0161ki, ki je \u0161la v svet iskat sre\u010do<\/label><input type=\"number\" id=\"wpforms-303-field_12\" class=\"wpforms-field-medium\" name=\"wpforms[fields][12]\" step=\"any\" ><div class=\"wpforms-field-description\">(npr. za en izvod vpi\u0161ite \u0161tevilo 1)<\/div><\/div><div id=\"wpforms-303-field_14-container\" class=\"wpforms-field wpforms-field-number\" data-field-id=\"14\"><label class=\"wpforms-field-label\" for=\"wpforms-303-field_14\">\u017deleno \u0161tevilo izvodov zgodbe: O mi\u0161ki, ki je imela veliko \u017eeljo<\/label><input type=\"number\" id=\"wpforms-303-field_14\" class=\"wpforms-field-medium\" name=\"wpforms[fields][14]\" step=\"any\" ><div class=\"wpforms-field-description\">(npr. za en izvod vpi\u0161ite \u0161tevilo 1)<\/div><\/div><div id=\"wpforms-303-field_1-container\" class=\"wpforms-field wpforms-field-name\" data-field-id=\"1\"><label class=\"wpforms-field-label\" for=\"wpforms-303-field_1\">Ime in priimek <span class=\"wpforms-required-label\">*<\/span><\/label><input type=\"text\" id=\"wpforms-303-field_1\" class=\"wpforms-field-medium wpforms-field-required\" name=\"wpforms[fields][1]\" required><\/div><div id=\"wpforms-303-field_2-container\" class=\"wpforms-field wpforms-field-email\" data-field-id=\"2\"><label class=\"wpforms-field-label\" for=\"wpforms-303-field_2\">Email naslov <span class=\"wpforms-required-label\">*<\/span><\/label><input type=\"email\" id=\"wpforms-303-field_2\" class=\"wpforms-field-medium wpforms-field-required\" name=\"wpforms[fields][2]\" spellcheck=\"false\" required><\/div><div id=\"wpforms-303-field_5-container\" class=\"wpforms-field wpforms-field-text\" data-field-id=\"5\"><label class=\"wpforms-field-label\" for=\"wpforms-303-field_5\">Kontaktna \u0161tevilka <span class=\"wpforms-required-label\">*<\/span><\/label><input type=\"text\" id=\"wpforms-303-field_5\" class=\"wpforms-field-medium wpforms-field-required\" name=\"wpforms[fields][5]\" required><\/div><div id=\"wpforms-303-field_10-container\" class=\"wpforms-field wpforms-field-radio\" data-field-id=\"10\"><label class=\"wpforms-field-label\">Prevzem artikla (izberite \u017eeleno)<\/label><ul id=\"wpforms-303-field_10\"><li class=\"choice-1 depth-1\"><input type=\"radio\" id=\"wpforms-303-field_10_1\" name=\"wpforms[fields][10]\" value=\"Po\u0161tna dostava\"  ><label class=\"wpforms-field-label-inline\" for=\"wpforms-303-field_10_1\">Po\u0161tna dostava<\/label><\/li><li class=\"choice-2 depth-1\"><input type=\"radio\" id=\"wpforms-303-field_10_2\" name=\"wpforms[fields][10]\" value=\"Osebni prevzem (po dogovoru v okolici Ptuja)\"  ><label class=\"wpforms-field-label-inline\" for=\"wpforms-303-field_10_2\">Osebni prevzem (po dogovoru v okolici Ptuja)<\/label><\/li><\/ul><\/div><div id=\"wpforms-303-field_6-container\" class=\"wpforms-field wpforms-field-text\" data-field-id=\"6\"><label class=\"wpforms-field-label\" for=\"wpforms-303-field_6\">Naslov za dostavo<\/label><input type=\"text\" id=\"wpforms-303-field_6\" class=\"wpforms-field-medium\" name=\"wpforms[fields][6]\" ><\/div><div id=\"wpforms-303-field_8-container\" class=\"wpforms-field wpforms-field-textarea\" data-field-id=\"8\"><label class=\"wpforms-field-label\" for=\"wpforms-303-field_8\">Nam \u017eelite sporo\u010diti \u0161e kaj? <\/label><textarea id=\"wpforms-303-field_8\" class=\"wpforms-field-small\" name=\"wpforms[fields][8]\" ><\/textarea><\/div><\/div><!-- .wpforms-field-container --><div class=\"wpforms-submit-container\" ><input type=\"hidden\" name=\"wpforms[id]\" value=\"303\"><input type=\"hidden\" name=\"page_title\" value=\"\"><input type=\"hidden\" name=\"page_url\" value=\"https:\/\/miskamila.si\/index.php?rest_route=\/wp\/v2\/pages\/18\"><input type=\"hidden\" name=\"url_referer\" value=\"\"><button type=\"submit\" name=\"wpforms[submit]\" id=\"wpforms-submit-303\" class=\"wpforms-submit\" data-alt-text=\"Sending...\" data-submit-text=\"Po\u0161lji naro\u010dilo\" aria-live=\"assertive\" value=\"wpforms-submit\">Po\u0161lji naro\u010dilo<\/button><img decoding=\"async\" src=\"https:\/\/miskamila.si\/wp-content\/plugins\/wpforms-lite\/assets\/images\/submit-spin.svg\" class=\"wpforms-submit-spinner\" style=\"display: none;\" width=\"26\" height=\"26\" alt=\"Loading\"><\/div><\/form><\/div>  <!-- .wpforms-container -->\t\t\t\t<\/div>\n\t\t\t\t<\/div>\n\t\t\t\t\t<\/div>\n\t\t<\/div>\n\t\t\t\t\t<\/div>\n\t\t<\/section>\n\t\t\t\t<\/div>\n\t\t","protected":false},"excerpt":{"rendered":"<p>Naro\u010dila in kontakt Po poslanem naro\u010dilu bomo na va\u0161 email naslov posredovali predra\u010dun. Odgovorimo vam najkasneje v 24 urah. Za hitrej\u0161o obdelavo naro\u010dila po\u0161ljite potrdilo o pla\u010dilu. Artikel bo odposlan takoj po prejetem pla\u010dilu. O mi\u0161ki, ki je \u0161la v svet iskat sre\u010do &#8211; Cena 16, 50 \u20ac O mi\u0161ki, ki je imela veliko \u017eeljo [&hellip;]<\/p>\n","protected":false},"author":1,"featured_media":0,"parent":0,"menu_order":0,"comment_status":"closed","ping_status":"closed","template":"","meta":{"ocean_post_layout":"full-screen","ocean_both_sidebars_style":"","ocean_both_sidebars_content_width":0,"ocean_both_sidebars_sidebars_width":0,"ocean_sidebar":"0","ocean_second_sidebar":"0","ocean_disable_margins":"enable","ocean_add_body_class":"","ocean_shortcode_before_top_bar":"","ocean_shortcode_after_top_bar":"","ocean_shortcode_before_header":"","ocean_shortcode_after_header":"","ocean_has_shortcode":"","ocean_shortcode_after_title":"","ocean_shortcode_before_footer_widgets":"","ocean_shortcode_after_footer_widgets":"","ocean_shortcode_before_footer_bottom":"","ocean_shortcode_after_footer_bottom":"","ocean_display_top_bar":"default","ocean_display_header":"default","ocean_header_style":"","ocean_center_header_left_menu":"0","ocean_custom_header_template":"0","ocean_custom_logo":0,"ocean_custom_retina_logo":0,"ocean_custom_logo_max_width":0,"ocean_custom_logo_tablet_max_width":0,"ocean_custom_logo_mobile_max_width":0,"ocean_custom_logo_max_height":0,"ocean_custom_logo_tablet_max_height":0,"ocean_custom_logo_mobile_max_height":0,"ocean_header_custom_menu":"0","ocean_menu_typo_font_family":"0","ocean_menu_typo_font_subset":"","ocean_menu_typo_font_size":0,"ocean_menu_typo_font_size_tablet":0,"ocean_menu_typo_font_size_mobile":0,"ocean_menu_typo_font_size_unit":"px","ocean_menu_typo_font_weight":"","ocean_menu_typo_font_weight_tablet":"","ocean_menu_typo_font_weight_mobile":"","ocean_menu_typo_transform":"","ocean_menu_typo_transform_tablet":"","ocean_menu_typo_transform_mobile":"","ocean_menu_typo_line_height":0,"ocean_menu_typo_line_height_tablet":0,"ocean_menu_typo_line_height_mobile":0,"ocean_menu_typo_line_height_unit":"","ocean_menu_typo_spacing":0,"ocean_menu_typo_spacing_tablet":0,"ocean_menu_typo_spacing_mobile":0,"ocean_menu_typo_spacing_unit":"","ocean_menu_link_color":"","ocean_menu_link_color_hover":"","ocean_menu_link_color_active":"","ocean_menu_link_background":"","ocean_menu_link_hover_background":"","ocean_menu_link_active_background":"","ocean_menu_social_links_bg":"","ocean_menu_social_hover_links_bg":"","ocean_menu_social_links_color":"","ocean_menu_social_hover_links_color":"","ocean_disable_title":"on","ocean_disable_heading":"default","ocean_post_title":"","ocean_post_subheading":"","ocean_post_title_style":"","ocean_post_title_background_color":"","ocean_post_title_background":0,"ocean_post_title_bg_image_position":"","ocean_post_title_bg_image_attachment":"","ocean_post_title_bg_image_repeat":"","ocean_post_title_bg_image_size":"","ocean_post_title_height":0,"ocean_post_title_bg_overlay":0.5,"ocean_post_title_bg_overlay_color":"","ocean_disable_breadcrumbs":"default","ocean_breadcrumbs_color":"","ocean_breadcrumbs_separator_color":"","ocean_breadcrumbs_links_color":"","ocean_breadcrumbs_links_hover_color":"","ocean_display_footer_widgets":"default","ocean_display_footer_bottom":"default","ocean_custom_footer_template":"0","footnotes":""},"class_list":["post-18","page","type-page","status-publish","hentry","entry"],"_links":{"self":[{"href":"https:\/\/miskamila.si\/index.php?rest_route=\/wp\/v2\/pages\/18","targetHints":{"allow":["GET"]}}],"collection":[{"href":"https:\/\/miskamila.si\/index.php?rest_route=\/wp\/v2\/pages"}],"about":[{"href":"https:\/\/miskamila.si\/index.php?rest_route=\/wp\/v2\/types\/page"}],"author":[{"embeddable":true,"href":"https:\/\/miskamila.si\/index.php?rest_route=\/wp\/v2\/users\/1"}],"replies":[{"embeddable":true,"href":"https:\/\/miskamila.si\/index.php?rest_route=%2Fwp%2Fv2%2Fcomments&post=18"}],"version-history":[{"count":194,"href":"https:\/\/miskamila.si\/index.php?rest_route=\/wp\/v2\/pages\/18\/revisions"}],"predecessor-version":[{"id":840,"href":"https:\/\/miskamila.si\/index.php?rest_route=\/wp\/v2\/pages\/18\/revisions\/840"}],"wp:attachment":[{"href":"https:\/\/miskamila.si\/index.php?rest_route=%2Fwp%2Fv2%2Fmedia&parent=18"}],"curies":[{"name":"wp","href":"https:\/\/api.w.org\/{rel}","templated":true}]}}