{"id":22,"date":"2021-11-29T18:51:55","date_gmt":"2021-11-29T18:51:55","guid":{"rendered":"https:\/\/miskamila.si\/?page_id=22"},"modified":"2024-07-26T10:10:55","modified_gmt":"2024-07-26T10:10:55","slug":"nasi-malcki","status":"publish","type":"page","link":"https:\/\/miskamila.si\/?page_id=22","title":{"rendered":"Kdo je mi\u0161ka mila?"},"content":{"rendered":"\t\t<div data-elementor-type=\"wp-page\" data-elementor-id=\"22\" class=\"elementor elementor-22\">\n\t\t\t\t\t\t<section class=\"elementor-section elementor-top-section elementor-element elementor-element-9dbd19e elementor-section-boxed elementor-section-height-default elementor-section-height-default\" data-id=\"9dbd19e\" data-element_type=\"section\" data-e-type=\"section\">\n\t\t\t\t\t\t<div class=\"elementor-container elementor-column-gap-default\">\n\t\t\t\t\t<div class=\"elementor-column elementor-col-33 elementor-top-column elementor-element elementor-element-6172fa0\" data-id=\"6172fa0\" data-element_type=\"column\" data-e-type=\"column\">\n\t\t\t<div class=\"elementor-widget-wrap elementor-element-populated\">\n\t\t\t\t\t\t<div class=\"elementor-element elementor-element-9f0992e elementor-widget elementor-widget-text-editor\" data-id=\"9f0992e\" data-element_type=\"widget\" data-e-type=\"widget\" data-widget_type=\"text-editor.default\">\n\t\t\t\t<div class=\"elementor-widget-container\">\n\t\t\t\t\t\t\t\t\t<p>V zbirki Mi\u0161ka Mila boste odkrili \u010daroben svet sr\u010dnih in pou\u010dnih zgodb, ki so napisane v ljubkih rimah. Sledite pustolov\u0161\u010dinam Mi\u0161ke Mile in njenih prijateljev na nepozabnih do\u017eivetjih.<\/p>\t\t\t\t\t\t\t\t<\/div>\n\t\t\t\t<\/div>\n\t\t\t\t<div class=\"elementor-element elementor-element-04e70b3 elementor-widget elementor-widget-image\" data-id=\"04e70b3\" data-element_type=\"widget\" data-e-type=\"widget\" data-widget_type=\"image.default\">\n\t\t\t\t<div class=\"elementor-widget-container\">\n\t\t\t\t\t\t\t\t\t\t\t\t\t\t\t<img fetchpriority=\"high\" decoding=\"async\" width=\"1024\" height=\"681\" src=\"https:\/\/miskamila.si\/wp-content\/uploads\/2024\/07\/KATJAHERGA-43-1024x681.jpg\" class=\"attachment-large size-large wp-image-772\" alt=\"\" srcset=\"https:\/\/miskamila.si\/wp-content\/uploads\/2024\/07\/KATJAHERGA-43-1024x681.jpg 1024w, https:\/\/miskamila.si\/wp-content\/uploads\/2024\/07\/KATJAHERGA-43-300x200.jpg 300w, https:\/\/miskamila.si\/wp-content\/uploads\/2024\/07\/KATJAHERGA-43-768x511.jpg 768w, https:\/\/miskamila.si\/wp-content\/uploads\/2024\/07\/KATJAHERGA-43-1536x1022.jpg 1536w, https:\/\/miskamila.si\/wp-content\/uploads\/2024\/07\/KATJAHERGA-43-2048x1363.jpg 2048w\" sizes=\"(max-width: 1024px) 100vw, 1024px\" \/>\t\t\t\t\t\t\t\t\t\t\t\t\t\t\t<\/div>\n\t\t\t\t<\/div>\n\t\t\t\t\t<\/div>\n\t\t<\/div>\n\t\t\t\t<div class=\"elementor-column elementor-col-33 elementor-top-column elementor-element elementor-element-ad452aa\" data-id=\"ad452aa\" data-element_type=\"column\" data-e-type=\"column\">\n\t\t\t<div class=\"elementor-widget-wrap elementor-element-populated\">\n\t\t\t\t\t\t<div class=\"elementor-element elementor-element-ca7635d elementor-view-default elementor-widget elementor-widget-icon\" data-id=\"ca7635d\" data-element_type=\"widget\" data-e-type=\"widget\" data-widget_type=\"icon.default\">\n\t\t\t\t<div class=\"elementor-widget-container\">\n\t\t\t\t\t\t\t<div class=\"elementor-icon-wrapper\">\n\t\t\t<div class=\"elementor-icon\">\n\t\t\t<i aria-hidden=\"true\" class=\"far fa-heart\"><\/i>\t\t\t<\/div>\n\t\t<\/div>\n\t\t\t\t\t\t<\/div>\n\t\t\t\t<\/div>\n\t\t\t\t<div class=\"elementor-element elementor-element-29042d6 elementor-widget elementor-widget-text-editor\" data-id=\"29042d6\" data-element_type=\"widget\" data-e-type=\"widget\" data-widget_type=\"text-editor.default\">\n\t\t\t\t<div class=\"elementor-widget-container\">\n\t\t\t\t\t\t\t\t\t<p>Navdih za ustvarjanje je \u017eivljenje samo.<\/p>\t\t\t\t\t\t\t\t<\/div>\n\t\t\t\t<\/div>\n\t\t\t\t<div class=\"elementor-element elementor-element-9615b11 elementor-widget elementor-widget-image\" data-id=\"9615b11\" data-element_type=\"widget\" data-e-type=\"widget\" data-widget_type=\"image.default\">\n\t\t\t\t<div class=\"elementor-widget-container\">\n\t\t\t\t\t\t\t\t\t\t\t\t\t\t\t<img decoding=\"async\" width=\"1024\" height=\"681\" src=\"https:\/\/miskamila.si\/wp-content\/uploads\/2024\/07\/KATJAHERGA-1-1024x681.jpg\" class=\"attachment-large size-large wp-image-730\" alt=\"\" srcset=\"https:\/\/miskamila.si\/wp-content\/uploads\/2024\/07\/KATJAHERGA-1-1024x681.jpg 1024w, https:\/\/miskamila.si\/wp-content\/uploads\/2024\/07\/KATJAHERGA-1-300x200.jpg 300w, https:\/\/miskamila.si\/wp-content\/uploads\/2024\/07\/KATJAHERGA-1-768x511.jpg 768w, https:\/\/miskamila.si\/wp-content\/uploads\/2024\/07\/KATJAHERGA-1-1536x1022.jpg 1536w, https:\/\/miskamila.si\/wp-content\/uploads\/2024\/07\/KATJAHERGA-1-2048x1363.jpg 2048w\" sizes=\"(max-width: 1024px) 100vw, 1024px\" \/>\t\t\t\t\t\t\t\t\t\t\t\t\t\t\t<\/div>\n\t\t\t\t<\/div>\n\t\t\t\t\t<\/div>\n\t\t<\/div>\n\t\t\t\t<div class=\"elementor-column elementor-col-33 elementor-top-column elementor-element elementor-element-ba4ed6e\" data-id=\"ba4ed6e\" data-element_type=\"column\" data-e-type=\"column\">\n\t\t\t<div class=\"elementor-widget-wrap elementor-element-populated\">\n\t\t\t\t\t\t<div class=\"elementor-element elementor-element-60b5b2d elementor-widget elementor-widget-text-editor\" data-id=\"60b5b2d\" data-element_type=\"widget\" data-e-type=\"widget\" data-widget_type=\"text-editor.default\">\n\t\t\t\t<div class=\"elementor-widget-container\">\n\t\t\t\t\t\t\t\t\t<p>Knjige o Mi\u0161ki Mili so primerne za otroke od 3. do 9. leta starosti. S svojo ljubkostjo in sporo\u010dilnostjo pa bo bodo pod ko\u017eo zagotovo zlezle tudi odraslim.<br \/><br \/><br \/><\/p>\t\t\t\t\t\t\t\t<\/div>\n\t\t\t\t<\/div>\n\t\t\t\t<div class=\"elementor-element elementor-element-5109f0e elementor-widget elementor-widget-image\" data-id=\"5109f0e\" data-element_type=\"widget\" data-e-type=\"widget\" data-widget_type=\"image.default\">\n\t\t\t\t<div class=\"elementor-widget-container\">\n\t\t\t\t\t\t\t\t\t\t\t\t\t\t\t<img decoding=\"async\" width=\"1024\" height=\"681\" src=\"https:\/\/miskamila.si\/wp-content\/uploads\/2024\/07\/KATJAHERGA-47-1024x681.jpg\" class=\"attachment-large size-large wp-image-776\" alt=\"\" srcset=\"https:\/\/miskamila.si\/wp-content\/uploads\/2024\/07\/KATJAHERGA-47-1024x681.jpg 1024w, https:\/\/miskamila.si\/wp-content\/uploads\/2024\/07\/KATJAHERGA-47-300x200.jpg 300w, https:\/\/miskamila.si\/wp-content\/uploads\/2024\/07\/KATJAHERGA-47-768x511.jpg 768w, https:\/\/miskamila.si\/wp-content\/uploads\/2024\/07\/KATJAHERGA-47-1536x1022.jpg 1536w, https:\/\/miskamila.si\/wp-content\/uploads\/2024\/07\/KATJAHERGA-47-2048x1362.jpg 2048w\" sizes=\"(max-width: 1024px) 100vw, 1024px\" \/>\t\t\t\t\t\t\t\t\t\t\t\t\t\t\t<\/div>\n\t\t\t\t<\/div>\n\t\t\t\t\t<\/div>\n\t\t<\/div>\n\t\t\t\t\t<\/div>\n\t\t<\/section>\n\t\t\t\t<section class=\"elementor-section elementor-top-section elementor-element elementor-element-6efe758c elementor-section-boxed elementor-section-height-default elementor-section-height-default\" data-id=\"6efe758c\" data-element_type=\"section\" data-e-type=\"section\" data-settings=\"{&quot;background_background&quot;:&quot;classic&quot;}\">\n\t\t\t\t\t\t\t<div class=\"elementor-background-overlay\"><\/div>\n\t\t\t\t\t\t\t<div class=\"elementor-container elementor-column-gap-default\">\n\t\t\t\t\t<div class=\"elementor-column elementor-col-100 elementor-top-column elementor-element elementor-element-389adc6b\" data-id=\"389adc6b\" data-element_type=\"column\" data-e-type=\"column\" data-settings=\"{&quot;background_background&quot;:&quot;classic&quot;}\">\n\t\t\t<div class=\"elementor-widget-wrap elementor-element-populated\">\n\t\t\t\t\t<div class=\"elementor-background-overlay\"><\/div>\n\t\t\t\t\t\t<section class=\"elementor-section elementor-inner-section elementor-element elementor-element-653aef91 elementor-section-boxed elementor-section-height-default elementor-section-height-default\" data-id=\"653aef91\" data-element_type=\"section\" data-e-type=\"section\" data-settings=\"{&quot;background_background&quot;:&quot;gradient&quot;}\">\n\t\t\t\t\t\t<div class=\"elementor-container elementor-column-gap-no\">\n\t\t\t\t\t<div class=\"elementor-column elementor-col-100 elementor-inner-column elementor-element elementor-element-4cf7fd34\" data-id=\"4cf7fd34\" data-element_type=\"column\" data-e-type=\"column\" data-settings=\"{&quot;background_background&quot;:&quot;classic&quot;}\">\n\t\t\t<div class=\"elementor-widget-wrap elementor-element-populated\">\n\t\t\t\t\t\t<div class=\"elementor-element elementor-element-34d922cd elementor-widget elementor-widget-text-editor\" data-id=\"34d922cd\" data-element_type=\"widget\" data-e-type=\"widget\" data-widget_type=\"text-editor.default\">\n\t\t\t\t<div class=\"elementor-widget-container\">\n\t\t\t\t\t\t\t\t\t<p>Knjiga &#8220;<b>O mi\u0161ki, ki je \u0161la v svet iskat sre\u010do<\/b>&#8221; vas popelje na potovanje z Mi\u0161ko Milo, ki i\u0161\u010de sre\u010do dale\u010d stran od doma.<\/p><p><em>\u00bbTam se skriva sre\u010da,\u00ab si je rekla<\/em><br \/><em>in pogumno je stopila v svet,<\/em><br \/><em>\u00bbTam se skriva sre\u010da in jaz jo grem ujet!\u00ab<\/em><\/p>\t\t\t\t\t\t\t\t<\/div>\n\t\t\t\t<\/div>\n\t\t\t\t<div class=\"elementor-element elementor-element-e58cd61 elementor-widget elementor-widget-text-editor\" data-id=\"e58cd61\" data-element_type=\"widget\" data-e-type=\"widget\" data-widget_type=\"text-editor.default\">\n\t\t\t\t<div class=\"elementor-widget-container\">\n\t\t\t\t\t\t\t\t\t<p><span class=\"tojvnm2t a6sixzi8 abs2jz4q a8s20v7p t1p8iaqh k5wvi7nf q3lfd5jv pk4s997a bipmatt0 cebpdrjk qowsmv63 owwhemhu dp1hu0rb dhp61c6y iyyx5f41\">V knjigi &#8220;<b>O mi\u0161ki, ki je imela veliko \u017eeljo<\/b>&#8221; pa se pridru\u017eite Mi\u0161ki Mili na njenem rojstnem dnevu, kjer se Mi\u0161ki Mili uresni\u010di velika \u017eelja.<\/span><\/p><p><span class=\"tojvnm2t a6sixzi8 abs2jz4q a8s20v7p t1p8iaqh k5wvi7nf q3lfd5jv pk4s997a bipmatt0 cebpdrjk qowsmv63 owwhemhu dp1hu0rb dhp61c6y iyyx5f41\"><i>\u00a0\u00bbDarilo Mi\u0161ko Milo,<br \/>od sre\u010de, brez diha je pustilo.\u00a0<br \/><\/i><\/span><span class=\"tojvnm2t a6sixzi8 abs2jz4q a8s20v7p t1p8iaqh k5wvi7nf q3lfd5jv pk4s997a bipmatt0 cebpdrjk qowsmv63 owwhemhu dp1hu0rb dhp61c6y iyyx5f41\"><i>Srce za hipec je obstalo,<br \/><\/i><\/span><span class=\"tojvnm2t a6sixzi8 abs2jz4q a8s20v7p t1p8iaqh k5wvi7nf q3lfd5jv pk4s997a bipmatt0 cebpdrjk qowsmv63 owwhemhu dp1hu0rb dhp61c6y iyyx5f41\"><i>oko se ne\u017eno zarosilo.\u00ab<\/i><\/span><\/p>\t\t\t\t\t\t\t\t<\/div>\n\t\t\t\t<\/div>\n\t\t\t\t\t<\/div>\n\t\t<\/div>\n\t\t\t\t\t<\/div>\n\t\t<\/section>\n\t\t\t\t\t<\/div>\n\t\t<\/div>\n\t\t\t\t\t<\/div>\n\t\t<\/section>\n\t\t\t\t<section class=\"elementor-section elementor-top-section elementor-element elementor-element-8206a70 elementor-section-boxed elementor-section-height-default elementor-section-height-default\" data-id=\"8206a70\" data-element_type=\"section\" data-e-type=\"section\">\n\t\t\t\t\t\t<div class=\"elementor-container elementor-column-gap-default\">\n\t\t\t\t\t<div class=\"elementor-column elementor-col-100 elementor-top-column elementor-element elementor-element-bd620d3\" data-id=\"bd620d3\" data-element_type=\"column\" data-e-type=\"column\">\n\t\t\t<div class=\"elementor-widget-wrap\">\n\t\t\t\t\t\t\t<\/div>\n\t\t<\/div>\n\t\t\t\t\t<\/div>\n\t\t<\/section>\n\t\t\t\t<section class=\"elementor-section elementor-top-section elementor-element elementor-element-610b43b elementor-section-boxed elementor-section-height-default elementor-section-height-default\" data-id=\"610b43b\" data-element_type=\"section\" data-e-type=\"section\">\n\t\t\t\t\t\t<div class=\"elementor-container elementor-column-gap-default\">\n\t\t\t\t\t<div class=\"elementor-column elementor-col-100 elementor-top-column elementor-element elementor-element-d5b4ac4\" data-id=\"d5b4ac4\" data-element_type=\"column\" data-e-type=\"column\">\n\t\t\t<div class=\"elementor-widget-wrap\">\n\t\t\t\t\t\t\t<\/div>\n\t\t<\/div>\n\t\t\t\t\t<\/div>\n\t\t<\/section>\n\t\t\t\t<\/div>\n\t\t","protected":false},"excerpt":{"rendered":"<p>V zbirki Mi\u0161ka Mila boste odkrili \u010daroben svet sr\u010dnih in pou\u010dnih zgodb, ki so napisane v ljubkih rimah. Sledite pustolov\u0161\u010dinam Mi\u0161ke Mile in njenih prijateljev na nepozabnih do\u017eivetjih. Navdih za ustvarjanje je \u017eivljenje samo. Knjige o Mi\u0161ki Mili so primerne za otroke od 3. do 9. leta starosti. S svojo ljubkostjo in sporo\u010dilnostjo pa bo [&hellip;]<\/p>\n","protected":false},"author":1,"featured_media":0,"parent":0,"menu_order":0,"comment_status":"closed","ping_status":"closed","template":"","meta":{"ocean_post_layout":"full-screen","ocean_both_sidebars_style":"","ocean_both_sidebars_content_width":0,"ocean_both_sidebars_sidebars_width":0,"ocean_sidebar":"0","ocean_second_sidebar":"0","ocean_disable_margins":"enable","ocean_add_body_class":"","ocean_shortcode_before_top_bar":"","ocean_shortcode_after_top_bar":"","ocean_shortcode_before_header":"","ocean_shortcode_after_header":"","ocean_has_shortcode":"","ocean_shortcode_after_title":"","ocean_shortcode_before_footer_widgets":"","ocean_shortcode_after_footer_widgets":"","ocean_shortcode_before_footer_bottom":"","ocean_shortcode_after_footer_bottom":"","ocean_display_top_bar":"default","ocean_display_header":"default","ocean_header_style":"","ocean_center_header_left_menu":"0","ocean_custom_header_template":"0","ocean_custom_logo":0,"ocean_custom_retina_logo":0,"ocean_custom_logo_max_width":0,"ocean_custom_logo_tablet_max_width":0,"ocean_custom_logo_mobile_max_width":0,"ocean_custom_logo_max_height":0,"ocean_custom_logo_tablet_max_height":0,"ocean_custom_logo_mobile_max_height":0,"ocean_header_custom_menu":"2","ocean_menu_typo_font_family":"0","ocean_menu_typo_font_subset":"","ocean_menu_typo_font_size":0,"ocean_menu_typo_font_size_tablet":0,"ocean_menu_typo_font_size_mobile":0,"ocean_menu_typo_font_size_unit":"px","ocean_menu_typo_font_weight":"","ocean_menu_typo_font_weight_tablet":"","ocean_menu_typo_font_weight_mobile":"","ocean_menu_typo_transform":"","ocean_menu_typo_transform_tablet":"","ocean_menu_typo_transform_mobile":"","ocean_menu_typo_line_height":0,"ocean_menu_typo_line_height_tablet":0,"ocean_menu_typo_line_height_mobile":0,"ocean_menu_typo_line_height_unit":"","ocean_menu_typo_spacing":0,"ocean_menu_typo_spacing_tablet":0,"ocean_menu_typo_spacing_mobile":0,"ocean_menu_typo_spacing_unit":"","ocean_menu_link_color":"","ocean_menu_link_color_hover":"","ocean_menu_link_color_active":"","ocean_menu_link_background":"","ocean_menu_link_hover_background":"","ocean_menu_link_active_background":"","ocean_menu_social_links_bg":"","ocean_menu_social_hover_links_bg":"","ocean_menu_social_links_color":"","ocean_menu_social_hover_links_color":"","ocean_disable_title":"on","ocean_disable_heading":"default","ocean_post_title":"","ocean_post_subheading":"","ocean_post_title_style":"","ocean_post_title_background_color":"","ocean_post_title_background":0,"ocean_post_title_bg_image_position":"","ocean_post_title_bg_image_attachment":"","ocean_post_title_bg_image_repeat":"","ocean_post_title_bg_image_size":"","ocean_post_title_height":0,"ocean_post_title_bg_overlay":0.5,"ocean_post_title_bg_overlay_color":"","ocean_disable_breadcrumbs":"default","ocean_breadcrumbs_color":"","ocean_breadcrumbs_separator_color":"","ocean_breadcrumbs_links_color":"","ocean_breadcrumbs_links_hover_color":"","ocean_display_footer_widgets":"default","ocean_display_footer_bottom":"default","ocean_custom_footer_template":"0","footnotes":""},"class_list":["post-22","page","type-page","status-publish","hentry","entry"],"_links":{"self":[{"href":"https:\/\/miskamila.si\/index.php?rest_route=\/wp\/v2\/pages\/22","targetHints":{"allow":["GET"]}}],"collection":[{"href":"https:\/\/miskamila.si\/index.php?rest_route=\/wp\/v2\/pages"}],"about":[{"href":"https:\/\/miskamila.si\/index.php?rest_route=\/wp\/v2\/types\/page"}],"author":[{"embeddable":true,"href":"https:\/\/miskamila.si\/index.php?rest_route=\/wp\/v2\/users\/1"}],"replies":[{"embeddable":true,"href":"https:\/\/miskamila.si\/index.php?rest_route=%2Fwp%2Fv2%2Fcomments&post=22"}],"version-history":[{"count":171,"href":"https:\/\/miskamila.si\/index.php?rest_route=\/wp\/v2\/pages\/22\/revisions"}],"predecessor-version":[{"id":826,"href":"https:\/\/miskamila.si\/index.php?rest_route=\/wp\/v2\/pages\/22\/revisions\/826"}],"wp:attachment":[{"href":"https:\/\/miskamila.si\/index.php?rest_route=%2Fwp%2Fv2%2Fmedia&parent=22"}],"curies":[{"name":"wp","href":"https:\/\/api.w.org\/{rel}","templated":true}]}}